{"id":362,"date":"2021-08-02T11:56:47","date_gmt":"2021-08-02T09:56:47","guid":{"rendered":"https:\/\/julianestadler.de\/?page_id=362"},"modified":"2024-12-24T00:14:19","modified_gmt":"2024-12-23T22:14:19","slug":"juliane-stadler-autorin-von-historischen-romanen-und-archaeologin","status":"publish","type":"page","link":"http:\/\/julianestadler.de\/en\/juliane-stadler-autorin-von-historischen-romanen-und-archaeologin\/","title":{"rendered":"Vita"},"content":{"rendered":"<div data-elementor-type=\"wp-page\" data-elementor-id=\"362\" class=\"elementor elementor-362\">\n\t\t\t\t\t\t<section class=\"elementor-section elementor-top-section elementor-element elementor-element-663b7000 elementor-reverse-mobile elementor-section-boxed elementor-section-height-default elementor-section-height-default\" data-id=\"663b7000\" data-element_type=\"section\" data-e-type=\"section\" data-settings=\"{&quot;background_background&quot;:&quot;classic&quot;}\">\n\t\t\t\t\t\t<div class=\"elementor-container elementor-column-gap-no\">\n\t\t\t\t\t<div class=\"elementor-column elementor-col-50 elementor-top-column elementor-element elementor-element-65ecb13f\" data-id=\"65ecb13f\" data-element_type=\"column\" data-e-type=\"column\">\n\t\t\t<div class=\"elementor-widget-wrap elementor-element-populated\">\n\t\t\t\t\t\t<div class=\"elementor-element elementor-element-5993cb23 elementor-widget elementor-widget-image\" data-id=\"5993cb23\" data-element_type=\"widget\" data-e-type=\"widget\" data-widget_type=\"image.default\">\n\t\t\t\t<div class=\"elementor-widget-container\">\n\t\t\t\t\t\t\t\t\t\t\t\t\t\t\t<img decoding=\"async\" src=\"https:\/\/julianestadler.de\/wp-content\/uploads\/elementor\/thumbs\/SB_8703_edited1-pb0p7kqmkd82fu5v9v2jh4c4a1eyw7vl4otitt4i0w.jpg\" title=\"_SB_8703_edited1\" alt=\"_SB_8703_edited1\" loading=\"lazy\" \/>\t\t\t\t\t\t\t\t\t\t\t\t\t\t\t<\/div>\n\t\t\t\t<\/div>\n\t\t\t\t\t<\/div>\n\t\t<\/div>\n\t\t\t\t<div class=\"elementor-column elementor-col-50 elementor-top-column elementor-element elementor-element-25ec656a\" data-id=\"25ec656a\" data-element_type=\"column\" data-e-type=\"column\">\n\t\t\t<div class=\"elementor-widget-wrap elementor-element-populated\">\n\t\t\t\t\t\t<section class=\"elementor-section elementor-inner-section elementor-element elementor-element-67d0e2b6 elementor-section-boxed elementor-section-height-default elementor-section-height-default\" data-id=\"67d0e2b6\" data-element_type=\"section\" data-e-type=\"section\">\n\t\t\t\t\t\t<div class=\"elementor-container elementor-column-gap-default\">\n\t\t\t\t\t<div class=\"elementor-column elementor-col-100 elementor-inner-column elementor-element elementor-element-444f356c\" data-id=\"444f356c\" data-element_type=\"column\" data-e-type=\"column\">\n\t\t\t<div class=\"elementor-widget-wrap elementor-element-populated\">\n\t\t\t\t\t\t<div class=\"elementor-element elementor-element-2c58963b elementor-widget elementor-widget-heading\" data-id=\"2c58963b\" data-element_type=\"widget\" data-e-type=\"widget\" data-widget_type=\"heading.default\">\n\t\t\t\t<div class=\"elementor-widget-container\">\n\t\t\t\t\t<h3 class=\"elementor-heading-title elementor-size-default\">Juliane Stadler<\/h3>\t\t\t\t<\/div>\n\t\t\t\t<\/div>\n\t\t\t\t<div class=\"elementor-element elementor-element-452108a2 elementor-widget elementor-widget-heading\" data-id=\"452108a2\" data-element_type=\"widget\" data-e-type=\"widget\" data-widget_type=\"heading.default\">\n\t\t\t\t<div class=\"elementor-widget-container\">\n\t\t\t\t\t<h3 class=\"elementor-heading-title elementor-size-default\">About the author<\/h3>\t\t\t\t<\/div>\n\t\t\t\t<\/div>\n\t\t\t\t<div class=\"elementor-element elementor-element-695525c3 elementor-widget elementor-widget-text-editor\" data-id=\"695525c3\" data-element_type=\"widget\" data-e-type=\"widget\" data-widget_type=\"text-editor.default\">\n\t\t\t\t<div class=\"elementor-widget-container\">\n\t\t\t\t\t\t\t\t\t<p style=\"text-align: left;\">Juliane Stadler was born in 1978 in the city of Speyer, where she grew up in a small house in the forest among chickens, cats, dogs and books.<\/p><p style=\"text-align: left;\">History and stories have always had an essential place in her life, perhaps because in her hometown you can't take a step without stumbling over one or the other. Or because her path was already mapped out by attending the classical grammar school in the shadow of the imperial cathedral.<\/p><p style=\"text-align: left;\">She eventually studied prehistory and early history, archeology of the ancient Near East and ancient history at the University of Heidelberg, and did her doctorate with a study on early Celtic burial customs. She has worked as a journalist and editor, on excavations, in museums and archaeological research institutions or taught students, always trying to bring the past to life.<\/p><p style=\"text-align: left;\">She ultimately linked this desire with a passion for writing. After countless drawer manuscripts and some successfully published short stories, she dared to join in <a href=\"https:\/\/julianestadler.de\/en\/krone-des-himmels\/\">'Krone des Himmels'<\/a> her first historical novel. To do this, she researched, among other things, at the original locations along the Barbarossa's crusade route and in the Holy Land.<\/p><p style=\"text-align: left;\">She now lives as an author with her husband and two sons in her old homeland and is inspired by people, culture and nature.<\/p><p style=\"text-align: left;\">She is represented by the agency <a href=\"https:\/\/www.schlueckagent.com\/\">Literarische Agentur Thomas Schl\u00fcck.<\/a><\/p>\t\t\t\t\t\t\t\t<\/div>\n\t\t\t\t<\/div>\n\t\t\t\t\t<\/div>\n\t\t<\/div>\n\t\t\t\t\t<\/div>\n\t\t<\/section>\n\t\t\t\t\t<\/div>\n\t\t<\/div>\n\t\t\t\t\t<\/div>\n\t\t<\/section>\n\t\t\t\t<section class=\"elementor-section elementor-top-section elementor-element elementor-element-1298a11a elementor-section-content-middle elementor-reverse-mobile elementor-section-boxed elementor-section-height-default elementor-section-height-default\" data-id=\"1298a11a\" data-element_type=\"section\" data-e-type=\"section\" data-settings=\"{&quot;background_background&quot;:&quot;classic&quot;}\">\n\t\t\t\t\t\t<div class=\"elementor-container elementor-column-gap-default\">\n\t\t\t\t\t<div class=\"elementor-column elementor-col-50 elementor-top-column elementor-element elementor-element-627e20e2\" data-id=\"627e20e2\" data-element_type=\"column\" data-e-type=\"column\">\n\t\t\t<div class=\"elementor-widget-wrap elementor-element-populated\">\n\t\t\t\t\t\t<div class=\"elementor-element elementor-element-7d6fdfa2 elementor-widget elementor-widget-text-editor\" data-id=\"7d6fdfa2\" data-element_type=\"widget\" data-e-type=\"widget\" data-widget_type=\"text-editor.default\">\n\t\t\t\t<div class=\"elementor-widget-container\">\n\t\t\t\t\t\t\t\t\t<p><a href=\"http:\/\/julianestadler.de\/en\/\">Julianestadler.de<\/a><\/p>\t\t\t\t\t\t\t\t<\/div>\n\t\t\t\t<\/div>\n\t\t\t\t\t<\/div>\n\t\t<\/div>\n\t\t\t\t<div class=\"elementor-column elementor-col-50 elementor-top-column elementor-element elementor-element-43d6fc82\" data-id=\"43d6fc82\" data-element_type=\"column\" data-e-type=\"column\">\n\t\t\t<div class=\"elementor-widget-wrap elementor-element-populated\">\n\t\t\t\t\t\t<section class=\"elementor-section elementor-inner-section elementor-element elementor-element-28687205 elementor-section-boxed elementor-section-height-default elementor-section-height-default\" data-id=\"28687205\" data-element_type=\"section\" data-e-type=\"section\">\n\t\t\t\t\t\t<div class=\"elementor-container elementor-column-gap-no\">\n\t\t\t\t\t<div class=\"elementor-column elementor-col-33 elementor-inner-column elementor-element elementor-element-6d0b53a0\" data-id=\"6d0b53a0\" data-element_type=\"column\" data-e-type=\"column\">\n\t\t\t<div class=\"elementor-widget-wrap elementor-element-populated\">\n\t\t\t\t\t\t<div class=\"elementor-element elementor-element-2502c516 elementor-align-right elementor-mobile-align-center elementor-widget elementor-widget-button\" data-id=\"2502c516\" data-element_type=\"widget\" data-e-type=\"widget\" data-widget_type=\"button.default\">\n\t\t\t\t<div class=\"elementor-widget-container\">\n\t\t\t\t\t\t\t\t\t<div class=\"elementor-button-wrapper\">\n\t\t\t\t\t<a class=\"elementor-button elementor-button-link elementor-size-sm\" href=\"https:\/\/julianestadler.de\/en\/datenschutzerklaerung\/\">\n\t\t\t\t\t\t<span class=\"elementor-button-content-wrapper\">\n\t\t\t\t\t\t\t\t\t<span class=\"elementor-button-text\">Privacy Policy<\/span>\n\t\t\t\t\t<\/span>\n\t\t\t\t\t<\/a>\n\t\t\t\t<\/div>\n\t\t\t\t\t\t\t\t<\/div>\n\t\t\t\t<\/div>\n\t\t\t\t\t<\/div>\n\t\t<\/div>\n\t\t\t\t<div class=\"elementor-column elementor-col-33 elementor-inner-column elementor-element elementor-element-7a63b98\" data-id=\"7a63b98\" data-element_type=\"column\" data-e-type=\"column\">\n\t\t\t<div class=\"elementor-widget-wrap elementor-element-populated\">\n\t\t\t\t\t\t<div class=\"elementor-element elementor-element-3497590 elementor-align-right elementor-mobile-align-center elementor-widget elementor-widget-button\" data-id=\"3497590\" data-element_type=\"widget\" data-e-type=\"widget\" data-widget_type=\"button.default\">\n\t\t\t\t<div class=\"elementor-widget-container\">\n\t\t\t\t\t\t\t\t\t<div class=\"elementor-button-wrapper\">\n\t\t\t\t\t<a class=\"elementor-button elementor-button-link elementor-size-sm\" href=\"https:\/\/julianestadler.de\/en\/cookie-richtlinie-eu\/\">\n\t\t\t\t\t\t<span class=\"elementor-button-content-wrapper\">\n\t\t\t\t\t\t\t\t\t<span class=\"elementor-button-text\">Cookie-Richtlinie<\/span>\n\t\t\t\t\t<\/span>\n\t\t\t\t\t<\/a>\n\t\t\t\t<\/div>\n\t\t\t\t\t\t\t\t<\/div>\n\t\t\t\t<\/div>\n\t\t\t\t\t<\/div>\n\t\t<\/div>\n\t\t\t\t<div class=\"elementor-column elementor-col-33 elementor-inner-column elementor-element elementor-element-7f16e2e1\" data-id=\"7f16e2e1\" data-element_type=\"column\" data-e-type=\"column\">\n\t\t\t<div class=\"elementor-widget-wrap elementor-element-populated\">\n\t\t\t\t\t\t<div class=\"elementor-element elementor-element-55f0ac7 elementor-align-right elementor-mobile-align-center elementor-widget elementor-widget-button\" data-id=\"55f0ac7\" data-element_type=\"widget\" data-e-type=\"widget\" data-widget_type=\"button.default\">\n\t\t\t\t<div class=\"elementor-widget-container\">\n\t\t\t\t\t\t\t\t\t<div class=\"elementor-button-wrapper\">\n\t\t\t\t\t<a class=\"elementor-button elementor-button-link elementor-size-sm\" href=\"http:\/\/julianestadler.de\/en\/impressum\/\">\n\t\t\t\t\t\t<span class=\"elementor-button-content-wrapper\">\n\t\t\t\t\t\t\t\t\t<span class=\"elementor-button-text\">imprint<\/span>\n\t\t\t\t\t<\/span>\n\t\t\t\t\t<\/a>\n\t\t\t\t<\/div>\n\t\t\t\t\t\t\t\t<\/div>\n\t\t\t\t<\/div>\n\t\t\t\t\t<\/div>\n\t\t<\/div>\n\t\t\t\t\t<\/div>\n\t\t<\/section>\n\t\t\t\t<div class=\"elementor-element elementor-element-74750b8a elementor-shape-square e-grid-align-mobile-center e-grid-align-tablet-left e-grid-align-left elementor-grid-0 elementor-widget elementor-widget-social-icons\" data-id=\"74750b8a\" data-element_type=\"widget\" data-e-type=\"widget\" data-widget_type=\"social-icons.default\">\n\t\t\t\t<div class=\"elementor-widget-container\">\n\t\t\t\t\t\t\t<div class=\"elementor-social-icons-wrapper elementor-grid\">\n\t\t\t\t\t\t\t<span class=\"elementor-grid-item\">\n\t\t\t\t\t<a class=\"elementor-icon elementor-social-icon elementor-social-icon-instagram elementor-repeater-item-5dea297\" href=\"https:\/\/www.instagram.com\/julistaschreibt\/\" target=\"_blank\">\n\t\t\t\t\t\t<span class=\"elementor-screen-only\">Instagram<\/span>\n\t\t\t\t\t\t<i aria-hidden=\"true\" class=\"fab fa-instagram\"><\/i>\t\t\t\t\t<\/a>\n\t\t\t\t<\/span>\n\t\t\t\t\t<\/div>\n\t\t\t\t\t\t<\/div>\n\t\t\t\t<\/div>\n\t\t\t\t\t<\/div>\n\t\t<\/div>\n\t\t\t\t\t<\/div>\n\t\t<\/section>\n\t\t\t\t<\/div>","protected":false},"excerpt":{"rendered":"<p>Juliane Stadler \u00dcber die Autorin Juliane Stadler wurde 1978 in der Domstadt Speyer geboren, wo sie in einem kleinen Waldhaus zwischen H\u00fchnern, Katzen, Hunden und B\u00fcchern aufwuchs. Geschichte und Geschichten hatten schon immer einen wesentlichen Platz in ihrem Leben, vielleicht weil man in ihrer Heimatstadt keinen Schritt tun kann, ohne \u00fcber das eine oder das [&hellip;]<\/p>\n","protected":false},"author":1,"featured_media":0,"parent":0,"menu_order":0,"comment_status":"closed","ping_status":"closed","template":"","meta":{"ocean_post_layout":"full-screen","ocean_both_sidebars_style":"","ocean_both_sidebars_content_width":0,"ocean_both_sidebars_sidebars_width":0,"ocean_sidebar":"0","ocean_second_sidebar":"0","ocean_disable_margins":"enable","ocean_add_body_class":"","ocean_shortcode_before_top_bar":"","ocean_shortcode_after_top_bar":"","ocean_shortcode_before_header":"","ocean_shortcode_after_header":"","ocean_has_shortcode":"","ocean_shortcode_after_title":"","ocean_shortcode_before_footer_widgets":"","ocean_shortcode_after_footer_widgets":"","ocean_shortcode_before_footer_bottom":"","ocean_shortcode_after_footer_bottom":"","ocean_display_top_bar":"off","ocean_display_header":"default","ocean_header_style":"","ocean_center_header_left_menu":"0","ocean_custom_header_template":"0","ocean_custom_logo":0,"ocean_custom_retina_logo":0,"ocean_custom_logo_max_width":0,"ocean_custom_logo_tablet_max_width":0,"ocean_custom_logo_mobile_max_width":0,"ocean_custom_logo_max_height":0,"ocean_custom_logo_tablet_max_height":0,"ocean_custom_logo_mobile_max_height":0,"ocean_header_custom_menu":"0","ocean_menu_typo_font_family":"0","ocean_menu_typo_font_subset":"","ocean_menu_typo_font_size":0,"ocean_menu_typo_font_size_tablet":0,"ocean_menu_typo_font_size_mobile":0,"ocean_menu_typo_font_size_unit":"px","ocean_menu_typo_font_weight":"","ocean_menu_typo_font_weight_tablet":"","ocean_menu_typo_font_weight_mobile":"","ocean_menu_typo_transform":"","ocean_menu_typo_transform_tablet":"","ocean_menu_typo_transform_mobile":"","ocean_menu_typo_line_height":0,"ocean_menu_typo_line_height_tablet":0,"ocean_menu_typo_line_height_mobile":0,"ocean_menu_typo_line_height_unit":"","ocean_menu_typo_spacing":0,"ocean_menu_typo_spacing_tablet":0,"ocean_menu_typo_spacing_mobile":0,"ocean_menu_typo_spacing_unit":"","ocean_menu_link_color":"","ocean_menu_link_color_hover":"","ocean_menu_link_color_active":"","ocean_menu_link_background":"","ocean_menu_link_hover_background":"","ocean_menu_link_active_background":"","ocean_menu_social_links_bg":"","ocean_menu_social_hover_links_bg":"","ocean_menu_social_links_color":"","ocean_menu_social_hover_links_color":"","ocean_disable_title":"on","ocean_disable_heading":"default","ocean_post_title":"","ocean_post_subheading":"","ocean_post_title_style":"","ocean_post_title_background_color":"","ocean_post_title_background":0,"ocean_post_title_bg_image_position":"","ocean_post_title_bg_image_attachment":"","ocean_post_title_bg_image_repeat":"","ocean_post_title_bg_image_size":"","ocean_post_title_height":0,"ocean_post_title_bg_overlay":0.5,"ocean_post_title_bg_overlay_color":"","ocean_disable_breadcrumbs":"default","ocean_breadcrumbs_color":"","ocean_breadcrumbs_separator_color":"","ocean_breadcrumbs_links_color":"","ocean_breadcrumbs_links_hover_color":"","ocean_display_footer_widgets":"off","ocean_display_footer_bottom":"off","ocean_custom_footer_template":"0","footnotes":""},"class_list":["post-362","page","type-page","status-publish","hentry","entry"],"yoast_head":"<!-- This site is optimized with the Yoast SEO plugin v27.4 - https:\/\/yoast.com\/product\/yoast-seo-wordpress\/ -->\n<title>Juliane Stadler - Vita<\/title>\n<meta name=\"description\" content=\"Erfahren Sie mehr \u00fcber Juliane Stadler, eine Romanautorin und Arch\u00e4ologin aus Speyer. Von ihrer Kindheit in Speyer bis hin zur Ver\u00f6ffentlichung ihres ersten historischen Romans &quot;Krone des Himmels&quot; - sie entf\u00fchrt Sie in vergangene Zeiten.\" \/>\n<meta name=\"robots\" content=\"index, follow, max-snippet:-1, max-image-preview:large, max-video-preview:-1\" \/>\n<link rel=\"canonical\" href=\"https:\/\/julianestadler.de\/en\/juliane-stadler-autorin-von-historischen-romanen-und-archaeologin\/\" \/>\n<meta property=\"og:locale\" content=\"en_GB\" \/>\n<meta property=\"og:type\" content=\"article\" \/>\n<meta property=\"og:title\" content=\"Juliane Stadler - Vita\" \/>\n<meta property=\"og:description\" content=\"Erfahren Sie mehr \u00fcber Juliane Stadler, eine Romanautorin und Arch\u00e4ologin aus Speyer. Von ihrer Kindheit in Speyer bis hin zur Ver\u00f6ffentlichung ihres ersten historischen Romans &quot;Krone des Himmels&quot; - sie entf\u00fchrt Sie in vergangene Zeiten.\" \/>\n<meta property=\"og:url\" content=\"https:\/\/julianestadler.de\/en\/juliane-stadler-autorin-von-historischen-romanen-und-archaeologin\/\" \/>\n<meta property=\"og:site_name\" content=\"Juliane Stadler\" \/>\n<meta property=\"article:modified_time\" content=\"2024-12-23T22:14:19+00:00\" \/>\n<meta property=\"og:image\" content=\"https:\/\/julianestadler.de\/wp-content\/uploads\/elementor\/thumbs\/SB_8703_edited1-pb0p7kqmkd82fu5v9v2jh4c4a1eyw7vl4otitt4i0w.jpg\" \/>\n<meta name=\"twitter:card\" content=\"summary_large_image\" \/>\n<meta name=\"twitter:site\" content=\"@autorinjuliane\" \/>\n<meta name=\"twitter:label1\" content=\"Estimated reading time\" \/>\n\t<meta name=\"twitter:data1\" content=\"2 minutes\" \/>\n<script type=\"application\/ld+json\" class=\"yoast-schema-graph\">{\"@context\":\"https:\\\/\\\/schema.org\",\"@graph\":[{\"@type\":\"WebPage\",\"@id\":\"https:\\\/\\\/julianestadler.de\\\/juliane-stadler-autorin-von-historischen-romanen-und-archaeologin\\\/\",\"url\":\"https:\\\/\\\/julianestadler.de\\\/juliane-stadler-autorin-von-historischen-romanen-und-archaeologin\\\/\",\"name\":\"Juliane Stadler - Vita\",\"isPartOf\":{\"@id\":\"https:\\\/\\\/julianestadler.de\\\/#website\"},\"primaryImageOfPage\":{\"@id\":\"https:\\\/\\\/julianestadler.de\\\/juliane-stadler-autorin-von-historischen-romanen-und-archaeologin\\\/#primaryimage\"},\"image\":{\"@id\":\"https:\\\/\\\/julianestadler.de\\\/juliane-stadler-autorin-von-historischen-romanen-und-archaeologin\\\/#primaryimage\"},\"thumbnailUrl\":\"https:\\\/\\\/julianestadler.de\\\/wp-content\\\/uploads\\\/elementor\\\/thumbs\\\/SB_8703_edited1-pb0p7kqmkd82fu5v9v2jh4c4a1eyw7vl4otitt4i0w.jpg\",\"datePublished\":\"2021-08-02T09:56:47+00:00\",\"dateModified\":\"2024-12-23T22:14:19+00:00\",\"description\":\"Erfahren Sie mehr \u00fcber Juliane Stadler, eine Romanautorin und Arch\u00e4ologin aus Speyer. Von ihrer Kindheit in Speyer bis hin zur Ver\u00f6ffentlichung ihres ersten historischen Romans \\\"Krone des Himmels\\\" - sie entf\u00fchrt Sie in vergangene Zeiten.\",\"breadcrumb\":{\"@id\":\"https:\\\/\\\/julianestadler.de\\\/juliane-stadler-autorin-von-historischen-romanen-und-archaeologin\\\/#breadcrumb\"},\"inLanguage\":\"en-GB\",\"potentialAction\":[{\"@type\":\"ReadAction\",\"target\":[\"https:\\\/\\\/julianestadler.de\\\/juliane-stadler-autorin-von-historischen-romanen-und-archaeologin\\\/\"]}]},{\"@type\":\"ImageObject\",\"inLanguage\":\"en-GB\",\"@id\":\"https:\\\/\\\/julianestadler.de\\\/juliane-stadler-autorin-von-historischen-romanen-und-archaeologin\\\/#primaryimage\",\"url\":\"https:\\\/\\\/julianestadler.de\\\/wp-content\\\/uploads\\\/elementor\\\/thumbs\\\/SB_8703_edited1-pb0p7kqmkd82fu5v9v2jh4c4a1eyw7vl4otitt4i0w.jpg\",\"contentUrl\":\"https:\\\/\\\/julianestadler.de\\\/wp-content\\\/uploads\\\/elementor\\\/thumbs\\\/SB_8703_edited1-pb0p7kqmkd82fu5v9v2jh4c4a1eyw7vl4otitt4i0w.jpg\"},{\"@type\":\"BreadcrumbList\",\"@id\":\"https:\\\/\\\/julianestadler.de\\\/juliane-stadler-autorin-von-historischen-romanen-und-archaeologin\\\/#breadcrumb\",\"itemListElement\":[{\"@type\":\"ListItem\",\"position\":1,\"name\":\"Startseite\",\"item\":\"https:\\\/\\\/julianestadler.de\\\/\"},{\"@type\":\"ListItem\",\"position\":2,\"name\":\"Vita\"}]},{\"@type\":\"WebSite\",\"@id\":\"https:\\\/\\\/julianestadler.de\\\/#website\",\"url\":\"https:\\\/\\\/julianestadler.de\\\/\",\"name\":\"Juliane Stadler\",\"description\":\"Autorin\",\"publisher\":{\"@id\":\"https:\\\/\\\/julianestadler.de\\\/#\\\/schema\\\/person\\\/7f51612a793c34b3addc61d27cc457c0\"},\"potentialAction\":[{\"@type\":\"SearchAction\",\"target\":{\"@type\":\"EntryPoint\",\"urlTemplate\":\"https:\\\/\\\/julianestadler.de\\\/?s={search_term_string}\"},\"query-input\":{\"@type\":\"PropertyValueSpecification\",\"valueRequired\":true,\"valueName\":\"search_term_string\"}}],\"inLanguage\":\"en-GB\"},{\"@type\":[\"Person\",\"Organization\"],\"@id\":\"https:\\\/\\\/julianestadler.de\\\/#\\\/schema\\\/person\\\/7f51612a793c34b3addc61d27cc457c0\",\"name\":\"AdminJulista\",\"image\":{\"@type\":\"ImageObject\",\"inLanguage\":\"en-GB\",\"@id\":\"https:\\\/\\\/julianestadler.de\\\/wp-content\\\/uploads\\\/2021\\\/08\\\/SB_8871-scaled.jpg\",\"url\":\"https:\\\/\\\/julianestadler.de\\\/wp-content\\\/uploads\\\/2021\\\/08\\\/SB_8871-scaled.jpg\",\"contentUrl\":\"https:\\\/\\\/julianestadler.de\\\/wp-content\\\/uploads\\\/2021\\\/08\\\/SB_8871-scaled.jpg\",\"width\":2560,\"height\":1707,\"caption\":\"AdminJulista\"},\"logo\":{\"@id\":\"https:\\\/\\\/julianestadler.de\\\/wp-content\\\/uploads\\\/2021\\\/08\\\/SB_8871-scaled.jpg\"}}]}<\/script>\n<!-- \/ Yoast SEO plugin. -->","yoast_head_json":{"title":"Juliane Stadler - Vita","description":"Erfahren Sie mehr \u00fcber Juliane Stadler, eine Romanautorin und Arch\u00e4ologin aus Speyer. Von ihrer Kindheit in Speyer bis hin zur Ver\u00f6ffentlichung ihres ersten historischen Romans \"Krone des Himmels\" - sie entf\u00fchrt Sie in vergangene Zeiten.","robots":{"index":"index","follow":"follow","max-snippet":"max-snippet:-1","max-image-preview":"max-image-preview:large","max-video-preview":"max-video-preview:-1"},"canonical":"https:\/\/julianestadler.de\/en\/juliane-stadler-autorin-von-historischen-romanen-und-archaeologin\/","og_locale":"en_GB","og_type":"article","og_title":"Juliane Stadler - Vita","og_description":"Erfahren Sie mehr \u00fcber Juliane Stadler, eine Romanautorin und Arch\u00e4ologin aus Speyer. Von ihrer Kindheit in Speyer bis hin zur Ver\u00f6ffentlichung ihres ersten historischen Romans \"Krone des Himmels\" - sie entf\u00fchrt Sie in vergangene Zeiten.","og_url":"https:\/\/julianestadler.de\/en\/juliane-stadler-autorin-von-historischen-romanen-und-archaeologin\/","og_site_name":"Juliane Stadler","article_modified_time":"2024-12-23T22:14:19+00:00","og_image":[{"url":"https:\/\/julianestadler.de\/wp-content\/uploads\/elementor\/thumbs\/SB_8703_edited1-pb0p7kqmkd82fu5v9v2jh4c4a1eyw7vl4otitt4i0w.jpg","type":"","width":"","height":""}],"twitter_card":"summary_large_image","twitter_site":"@autorinjuliane","twitter_misc":{"Estimated reading time":"2 minutes"},"schema":{"@context":"https:\/\/schema.org","@graph":[{"@type":"WebPage","@id":"https:\/\/julianestadler.de\/juliane-stadler-autorin-von-historischen-romanen-und-archaeologin\/","url":"https:\/\/julianestadler.de\/juliane-stadler-autorin-von-historischen-romanen-und-archaeologin\/","name":"Juliane Stadler - Vita","isPartOf":{"@id":"https:\/\/julianestadler.de\/#website"},"primaryImageOfPage":{"@id":"https:\/\/julianestadler.de\/juliane-stadler-autorin-von-historischen-romanen-und-archaeologin\/#primaryimage"},"image":{"@id":"https:\/\/julianestadler.de\/juliane-stadler-autorin-von-historischen-romanen-und-archaeologin\/#primaryimage"},"thumbnailUrl":"https:\/\/julianestadler.de\/wp-content\/uploads\/elementor\/thumbs\/SB_8703_edited1-pb0p7kqmkd82fu5v9v2jh4c4a1eyw7vl4otitt4i0w.jpg","datePublished":"2021-08-02T09:56:47+00:00","dateModified":"2024-12-23T22:14:19+00:00","description":"Erfahren Sie mehr \u00fcber Juliane Stadler, eine Romanautorin und Arch\u00e4ologin aus Speyer. Von ihrer Kindheit in Speyer bis hin zur Ver\u00f6ffentlichung ihres ersten historischen Romans \"Krone des Himmels\" - sie entf\u00fchrt Sie in vergangene Zeiten.","breadcrumb":{"@id":"https:\/\/julianestadler.de\/juliane-stadler-autorin-von-historischen-romanen-und-archaeologin\/#breadcrumb"},"inLanguage":"en-GB","potentialAction":[{"@type":"ReadAction","target":["https:\/\/julianestadler.de\/juliane-stadler-autorin-von-historischen-romanen-und-archaeologin\/"]}]},{"@type":"ImageObject","inLanguage":"en-GB","@id":"https:\/\/julianestadler.de\/juliane-stadler-autorin-von-historischen-romanen-und-archaeologin\/#primaryimage","url":"https:\/\/julianestadler.de\/wp-content\/uploads\/elementor\/thumbs\/SB_8703_edited1-pb0p7kqmkd82fu5v9v2jh4c4a1eyw7vl4otitt4i0w.jpg","contentUrl":"https:\/\/julianestadler.de\/wp-content\/uploads\/elementor\/thumbs\/SB_8703_edited1-pb0p7kqmkd82fu5v9v2jh4c4a1eyw7vl4otitt4i0w.jpg"},{"@type":"BreadcrumbList","@id":"https:\/\/julianestadler.de\/juliane-stadler-autorin-von-historischen-romanen-und-archaeologin\/#breadcrumb","itemListElement":[{"@type":"ListItem","position":1,"name":"Startseite","item":"https:\/\/julianestadler.de\/"},{"@type":"ListItem","position":2,"name":"Vita"}]},{"@type":"WebSite","@id":"https:\/\/julianestadler.de\/#website","url":"https:\/\/julianestadler.de\/","name":"Juliane Stadler","description":"Autorin","publisher":{"@id":"https:\/\/julianestadler.de\/#\/schema\/person\/7f51612a793c34b3addc61d27cc457c0"},"potentialAction":[{"@type":"SearchAction","target":{"@type":"EntryPoint","urlTemplate":"https:\/\/julianestadler.de\/?s={search_term_string}"},"query-input":{"@type":"PropertyValueSpecification","valueRequired":true,"valueName":"search_term_string"}}],"inLanguage":"en-GB"},{"@type":["Person","Organization"],"@id":"https:\/\/julianestadler.de\/#\/schema\/person\/7f51612a793c34b3addc61d27cc457c0","name":"AdminJulista","image":{"@type":"ImageObject","inLanguage":"en-GB","@id":"https:\/\/julianestadler.de\/wp-content\/uploads\/2021\/08\/SB_8871-scaled.jpg","url":"https:\/\/julianestadler.de\/wp-content\/uploads\/2021\/08\/SB_8871-scaled.jpg","contentUrl":"https:\/\/julianestadler.de\/wp-content\/uploads\/2021\/08\/SB_8871-scaled.jpg","width":2560,"height":1707,"caption":"AdminJulista"},"logo":{"@id":"https:\/\/julianestadler.de\/wp-content\/uploads\/2021\/08\/SB_8871-scaled.jpg"}}]}},"_links":{"self":[{"href":"http:\/\/julianestadler.de\/en\/wp-json\/wp\/v2\/pages\/362","targetHints":{"allow":["GET"]}}],"collection":[{"href":"http:\/\/julianestadler.de\/en\/wp-json\/wp\/v2\/pages"}],"about":[{"href":"http:\/\/julianestadler.de\/en\/wp-json\/wp\/v2\/types\/page"}],"author":[{"embeddable":true,"href":"http:\/\/julianestadler.de\/en\/wp-json\/wp\/v2\/users\/1"}],"replies":[{"embeddable":true,"href":"http:\/\/julianestadler.de\/en\/wp-json\/wp\/v2\/comments?post=362"}],"version-history":[{"count":120,"href":"http:\/\/julianestadler.de\/en\/wp-json\/wp\/v2\/pages\/362\/revisions"}],"predecessor-version":[{"id":3547,"href":"http:\/\/julianestadler.de\/en\/wp-json\/wp\/v2\/pages\/362\/revisions\/3547"}],"wp:attachment":[{"href":"http:\/\/julianestadler.de\/en\/wp-json\/wp\/v2\/media?parent=362"}],"curies":[{"name":"wp","href":"https:\/\/api.w.org\/{rel}","templated":true}]}}